{"id":1643,"date":"2023-07-28T10:33:56","date_gmt":"2023-07-28T08:33:56","guid":{"rendered":"http:\/\/ateliergantner.com\/?page_id=1643"},"modified":"2023-07-28T10:43:18","modified_gmt":"2023-07-28T08:43:18","slug":"buero","status":"publish","type":"page","link":"http:\/\/ateliergantner.com\/de\/buero\/","title":{"rendered":"B\u00fcro"},"content":{"rendered":"\n<p><\/p>\n\n\n\n<figure class=\"wp-block-image size-large is-resized\"><img loading=\"lazy\" decoding=\"async\" src=\"http:\/\/ateliergantner.com\/wp-content\/uploads\/2023\/07\/Agence-1-1024x694.jpg\" alt=\"\" class=\"wp-image-1654\" width=\"768\" height=\"521\" srcset=\"http:\/\/ateliergantner.com\/wp-content\/uploads\/2023\/07\/Agence-1-1024x694.jpg 1024w, http:\/\/ateliergantner.com\/wp-content\/uploads\/2023\/07\/Agence-1-300x203.jpg 300w, http:\/\/ateliergantner.com\/wp-content\/uploads\/2023\/07\/Agence-1-768x521.jpg 768w, http:\/\/ateliergantner.com\/wp-content\/uploads\/2023\/07\/Agence-1-1536x1042.jpg 1536w, http:\/\/ateliergantner.com\/wp-content\/uploads\/2023\/07\/Agence-1.jpg 1575w\" sizes=\"(max-width: 768px) 100vw, 768px\" \/><\/figure>\n\n\n\n<p><\/p>\n\n\n<p>\u00a0<\/p>\n<p>\u00a0<\/p>\n<p>\u00a0<\/p>\n\n\n<p><strong>Thomas Gantner<\/strong>\u00a0studierte Architektur an der Universit\u00e4t Stuttgart und der Accademia di Architettura in Mendrisio.<\/p>\n\n\n\n<p>F\u00fcr seine Diplomarbeit &#8222;Friedhof in Venedig&#8220; wurde er mit dem Diplom-Preis und dem Taut-Preis 2006 f\u00fcr die beste Diplomarbeit im Studienfach f\u00fcr Architektur in Deutschland ausgezeichnet.<\/p>\n\n\n\n<p>Thomas Gantner arbeitete in London mit Florian Beigel und Philip Christou in der Architecture Research Unit &#8211; aru. Neben der Arbeit an Forschungsprojekten trug er zur Lehre der Unit One an der London Metropolitan University bei. Die darauffolgenden 7 Jahre arbeitete er f\u00fcr das Renzo Piano Building Workshop in Paris.<\/p>\n\n\n\n<p>Im Jahr 2014 begann er eine T\u00e4tigkeit am Karlsruher Institut f\u00fcr Technologie als wissenschaftlicher Mitarbeiter und \u00fcbernahm das B\u00fcro seines Vaters in Neuried.<\/p>\n\n\n<p>\u00a0<\/p>\n<p>\u00a0<\/p>\n\n\n<p><\/p>\n\n\n\n<p><\/p>\n\n\n\n<p><\/p>\n\n\n\n<p><strong>Mei Ying Gantner<\/strong>&nbsp;erhielt ihren Master-Abschluss der Architektur in der Chinese University of Hong Kong.<\/p>\n\n\n\n<p>Sie wurde f\u00fcr ein einj\u00e4hriges internationales Stipendium ausgew\u00e4hlt, und studierte an der Ecole d&#8217;Architecture Paris-Belleville. W\u00e4hrend ihres Aufenthalts in Paris, arbeitete sie f\u00fcr Metra et associes und Atelier Jean Nouvel. <\/p>\n\n\n\n<p>Nach Ihrer Masterarbeit, arbeitete sie f\u00fcr Foster und Partner in London f\u00fcr das Projekt Heathrow Terminal Ost. Ab 2008 arbeitete sie f\u00fcr Patrick Berger et Jacques Anziutti Architectes f\u00fcr das Projekt &#8222;La Canopee&#8220; und &#8222;Pole echange Chatelet Les Halles&#8220;. Ab 2014 arbeitete sie als Architektin im Atelier Gantner.<\/p>\n","protected":false},"excerpt":{"rendered":"<p>\u00a0 \u00a0 \u00a0 Thomas Gantner\u00a0studierte Architektur an der Universit\u00e4t Stuttgart und der Accademia di Architettura in Mendrisio. F\u00fcr seine Diplomarbeit &#8222;Friedhof in Venedig&#8220; wurde er mit dem Diplom-Preis und dem Taut-Preis 2006 f\u00fcr die beste Diplomarbeit im Studienfach f\u00fcr Architektur in Deutschland ausgezeichnet. Thomas Gantner arbeitete in London mit Florian Beigel und Philip Christou in<a class=\"excerpt-read-more\" href=\"http:\/\/ateliergantner.com\/de\/buero\/\" title=\"ReadB\u00fcro\">&#8230; Read more &raquo;<\/a><\/p>\n","protected":false},"author":3,"featured_media":0,"parent":0,"menu_order":0,"comment_status":"closed","ping_status":"closed","template":"","meta":{"footnotes":""},"yoast_head":"<!-- This site is optimized with the Yoast SEO plugin v24.5 - https:\/\/yoast.com\/wordpress\/plugins\/seo\/ -->\n<title>B\u00fcro - Atelier Gantner<\/title>\n<meta name=\"robots\" content=\"index, follow, max-snippet:-1, max-image-preview:large, max-video-preview:-1\" \/>\n<link rel=\"canonical\" href=\"http:\/\/ateliergantner.com\/de\/buero\/\" \/>\n<meta property=\"og:locale\" content=\"de_DE\" \/>\n<meta property=\"og:type\" content=\"article\" \/>\n<meta property=\"og:title\" content=\"B\u00fcro - Atelier Gantner\" \/>\n<meta property=\"og:description\" content=\"\u00a0 \u00a0 \u00a0 Thomas Gantner\u00a0studierte Architektur an der Universit\u00e4t Stuttgart und der Accademia di Architettura in Mendrisio. F\u00fcr seine Diplomarbeit &#8222;Friedhof in Venedig&#8220; wurde er mit dem Diplom-Preis und dem Taut-Preis 2006 f\u00fcr die beste Diplomarbeit im Studienfach f\u00fcr Architektur in Deutschland ausgezeichnet. Thomas Gantner arbeitete in London mit Florian Beigel und Philip Christou in... Read more &raquo;\" \/>\n<meta property=\"og:url\" content=\"http:\/\/ateliergantner.com\/de\/buero\/\" \/>\n<meta property=\"og:site_name\" content=\"Atelier Gantner\" \/>\n<meta property=\"article:modified_time\" content=\"2023-07-28T08:43:18+00:00\" \/>\n<meta property=\"og:image\" content=\"http:\/\/ateliergantner.com\/wp-content\/uploads\/2023\/07\/Agence-1-1024x694.jpg\" \/>\n<meta name=\"twitter:card\" content=\"summary_large_image\" \/>\n<meta name=\"twitter:label1\" content=\"Gesch\u00e4tzte Lesezeit\" \/>\n\t<meta name=\"twitter:data1\" content=\"2\u00a0Minuten\" \/>\n<script type=\"application\/ld+json\" class=\"yoast-schema-graph\">{\"@context\":\"https:\/\/schema.org\",\"@graph\":[{\"@type\":\"WebPage\",\"@id\":\"http:\/\/ateliergantner.com\/de\/buero\/\",\"url\":\"http:\/\/ateliergantner.com\/de\/buero\/\",\"name\":\"B\u00fcro - Atelier Gantner\",\"isPartOf\":{\"@id\":\"https:\/\/ateliergantner.com\/#website\"},\"primaryImageOfPage\":{\"@id\":\"http:\/\/ateliergantner.com\/de\/buero\/#primaryimage\"},\"image\":{\"@id\":\"http:\/\/ateliergantner.com\/de\/buero\/#primaryimage\"},\"thumbnailUrl\":\"http:\/\/ateliergantner.com\/wp-content\/uploads\/2023\/07\/Agence-1-1024x694.jpg\",\"datePublished\":\"2023-07-28T08:33:56+00:00\",\"dateModified\":\"2023-07-28T08:43:18+00:00\",\"breadcrumb\":{\"@id\":\"http:\/\/ateliergantner.com\/de\/buero\/#breadcrumb\"},\"inLanguage\":\"de\",\"potentialAction\":[{\"@type\":\"ReadAction\",\"target\":[\"http:\/\/ateliergantner.com\/de\/buero\/\"]}]},{\"@type\":\"ImageObject\",\"inLanguage\":\"de\",\"@id\":\"http:\/\/ateliergantner.com\/de\/buero\/#primaryimage\",\"url\":\"http:\/\/ateliergantner.com\/wp-content\/uploads\/2023\/07\/Agence-1-1024x694.jpg\",\"contentUrl\":\"http:\/\/ateliergantner.com\/wp-content\/uploads\/2023\/07\/Agence-1-1024x694.jpg\"},{\"@type\":\"BreadcrumbList\",\"@id\":\"http:\/\/ateliergantner.com\/de\/buero\/#breadcrumb\",\"itemListElement\":[{\"@type\":\"ListItem\",\"position\":1,\"name\":\"Accueil\",\"item\":\"https:\/\/ateliergantner.com\/\"},{\"@type\":\"ListItem\",\"position\":2,\"name\":\"B\u00fcro\"}]},{\"@type\":\"WebSite\",\"@id\":\"https:\/\/ateliergantner.com\/#website\",\"url\":\"https:\/\/ateliergantner.com\/\",\"name\":\"Atelier Gantner\",\"description\":\"Un site utilisant WordPress\",\"potentialAction\":[{\"@type\":\"SearchAction\",\"target\":{\"@type\":\"EntryPoint\",\"urlTemplate\":\"https:\/\/ateliergantner.com\/?s={search_term_string}\"},\"query-input\":{\"@type\":\"PropertyValueSpecification\",\"valueRequired\":true,\"valueName\":\"search_term_string\"}}],\"inLanguage\":\"de\"}]}<\/script>\n<!-- \/ Yoast SEO plugin. -->","yoast_head_json":{"title":"B\u00fcro - Atelier Gantner","robots":{"index":"index","follow":"follow","max-snippet":"max-snippet:-1","max-image-preview":"max-image-preview:large","max-video-preview":"max-video-preview:-1"},"canonical":"http:\/\/ateliergantner.com\/de\/buero\/","og_locale":"de_DE","og_type":"article","og_title":"B\u00fcro - Atelier Gantner","og_description":"\u00a0 \u00a0 \u00a0 Thomas Gantner\u00a0studierte Architektur an der Universit\u00e4t Stuttgart und der Accademia di Architettura in Mendrisio. F\u00fcr seine Diplomarbeit &#8222;Friedhof in Venedig&#8220; wurde er mit dem Diplom-Preis und dem Taut-Preis 2006 f\u00fcr die beste Diplomarbeit im Studienfach f\u00fcr Architektur in Deutschland ausgezeichnet. Thomas Gantner arbeitete in London mit Florian Beigel und Philip Christou in... Read more &raquo;","og_url":"http:\/\/ateliergantner.com\/de\/buero\/","og_site_name":"Atelier Gantner","article_modified_time":"2023-07-28T08:43:18+00:00","og_image":[{"url":"http:\/\/ateliergantner.com\/wp-content\/uploads\/2023\/07\/Agence-1-1024x694.jpg","type":"","width":"","height":""}],"twitter_card":"summary_large_image","twitter_misc":{"Gesch\u00e4tzte Lesezeit":"2\u00a0Minuten"},"schema":{"@context":"https:\/\/schema.org","@graph":[{"@type":"WebPage","@id":"http:\/\/ateliergantner.com\/de\/buero\/","url":"http:\/\/ateliergantner.com\/de\/buero\/","name":"B\u00fcro - Atelier Gantner","isPartOf":{"@id":"https:\/\/ateliergantner.com\/#website"},"primaryImageOfPage":{"@id":"http:\/\/ateliergantner.com\/de\/buero\/#primaryimage"},"image":{"@id":"http:\/\/ateliergantner.com\/de\/buero\/#primaryimage"},"thumbnailUrl":"http:\/\/ateliergantner.com\/wp-content\/uploads\/2023\/07\/Agence-1-1024x694.jpg","datePublished":"2023-07-28T08:33:56+00:00","dateModified":"2023-07-28T08:43:18+00:00","breadcrumb":{"@id":"http:\/\/ateliergantner.com\/de\/buero\/#breadcrumb"},"inLanguage":"de","potentialAction":[{"@type":"ReadAction","target":["http:\/\/ateliergantner.com\/de\/buero\/"]}]},{"@type":"ImageObject","inLanguage":"de","@id":"http:\/\/ateliergantner.com\/de\/buero\/#primaryimage","url":"http:\/\/ateliergantner.com\/wp-content\/uploads\/2023\/07\/Agence-1-1024x694.jpg","contentUrl":"http:\/\/ateliergantner.com\/wp-content\/uploads\/2023\/07\/Agence-1-1024x694.jpg"},{"@type":"BreadcrumbList","@id":"http:\/\/ateliergantner.com\/de\/buero\/#breadcrumb","itemListElement":[{"@type":"ListItem","position":1,"name":"Accueil","item":"https:\/\/ateliergantner.com\/"},{"@type":"ListItem","position":2,"name":"B\u00fcro"}]},{"@type":"WebSite","@id":"https:\/\/ateliergantner.com\/#website","url":"https:\/\/ateliergantner.com\/","name":"Atelier Gantner","description":"Un site utilisant WordPress","potentialAction":[{"@type":"SearchAction","target":{"@type":"EntryPoint","urlTemplate":"https:\/\/ateliergantner.com\/?s={search_term_string}"},"query-input":{"@type":"PropertyValueSpecification","valueRequired":true,"valueName":"search_term_string"}}],"inLanguage":"de"}]}},"wps_subtitle":"","_links":{"self":[{"href":"http:\/\/ateliergantner.com\/de\/wp-json\/wp\/v2\/pages\/1643"}],"collection":[{"href":"http:\/\/ateliergantner.com\/de\/wp-json\/wp\/v2\/pages"}],"about":[{"href":"http:\/\/ateliergantner.com\/de\/wp-json\/wp\/v2\/types\/page"}],"author":[{"embeddable":true,"href":"http:\/\/ateliergantner.com\/de\/wp-json\/wp\/v2\/users\/3"}],"replies":[{"embeddable":true,"href":"http:\/\/ateliergantner.com\/de\/wp-json\/wp\/v2\/comments?post=1643"}],"version-history":[{"count":6,"href":"http:\/\/ateliergantner.com\/de\/wp-json\/wp\/v2\/pages\/1643\/revisions"}],"predecessor-version":[{"id":1657,"href":"http:\/\/ateliergantner.com\/de\/wp-json\/wp\/v2\/pages\/1643\/revisions\/1657"}],"wp:attachment":[{"href":"http:\/\/ateliergantner.com\/de\/wp-json\/wp\/v2\/media?parent=1643"}],"curies":[{"name":"wp","href":"https:\/\/api.w.org\/{rel}","templated":true}]}}