{"id":1631,"date":"2023-07-25T00:37:30","date_gmt":"2023-07-24T22:37:30","guid":{"rendered":"http:\/\/ateliergantner.com\/?page_id=1631"},"modified":"2024-01-16T10:28:40","modified_gmt":"2024-01-16T09:28:40","slug":"impressum","status":"publish","type":"page","link":"http:\/\/ateliergantner.com\/de\/impressum\/","title":{"rendered":"Impressum"},"content":{"rendered":"\n<p>ATELIER GANTNER FREIE ARCHITEKTEN<\/p>\n\n\n\n<p>Dipl. Ing. Thomas Gantner<\/p>\n\n\n\n<p>Zum Sch\u00fctterle 9<\/p>\n\n\n\n<p>77743 Neuried \u2013 M\u00fcllen<\/p>\n\n\n\n<p>Deutschland<\/p>\n\n\n\n<p>T\u00a0\/ 49 (0)7807 1577<\/p>\n\n\n\n<p>E\/&nbsp;<a href=\"&#109;&#97;&#x69;&#x6c;&#116;&#111;&#x3a;&#x69;&#110;&#102;&#x6f;&#x40;&#97;&#116;&#x65;&#x6c;&#105;&#101;&#x72;&#x67;&#97;&#110;&#x74;&#x6e;&#101;&#114;&#x2e;&#x63;&#111;&#109;\">&#105;n&#x66;o&#x40;&#97;&#x74;&#101;&#x6c;&#105;e&#x72;g&#x61;&#110;&#x74;&#110;&#x65;&#114;&#x2e;&#99;o&#x6d;<\/a><\/p>\n\n\n\n<p>Architektenkammer Baden-W\u00fcrttemberg \/ 083985&nbsp;<\/p>\n\n\n\n<p>Umsatzsteuer-Identifikationsnummer\u00a0\/ 08003\/21259\u00a0\u00a0<\/p>\n\n\n\n<p>Web design<\/p>\n\n\n\n<p>Mark Nightingale<\/p>\n\n\n\n<p>Graphic design<\/p>\n\n\n\n<p>Sophie Shand<\/p>\n\n\n\n<p>Berufsrechtliche Regelungen<\/p>\n\n\n\n<p>Thomas Gantner ist als Freier Architekt unter der Nummer&nbsp;083985&nbsp;in die Architektenliste der Architektenkammer Baden-W\u00fcrttemberg eingetragen.<\/p>\n\n\n\n<p>Die Berufsbezeichnung \u201cArchitekt\u201d wurde in der Bundesrepublik Deutschland verliehen. Es gelten die Honorarordnung f\u00fcr Architekten und Ingenieure (HOAI) sowie die Berufsordnungen und berufsrechtlichen Regelungen der Architektenkammer. Weitere Informationen finden Sie auf den Internet-Seiten der<a href=\"http:\/\/www.akbw.de\/\">&nbsp;Architektenkammer Baden-W\u00fcrttemberg<\/a>.<\/p>\n\n\n\n<p>Architektenkammer Baden-W\u00fcrttemberg<\/p>\n\n\n\n<p>K\u00f6rperschaft des \u00d6ffentlichen Rechts<\/p>\n\n\n\n<p>Danneckerstra\u00dfe 54<\/p>\n\n\n\n<p>D-70182 Stuttgart<\/p>\n\n\n\n<p>Haftungsausschluss<\/p>\n\n\n\n<p>Die Inhalte der Homepage wurden mit gr\u00f6\u00dfter Sorgfalt erstellt. F\u00fcr die Richtigkeit, Vollst\u00e4ndigkeit und Aktualit\u00e4t der Inhalte und Berechnungen k\u00f6nnen wir jedoch keine Gew\u00e4hr \u00fcbernehmen. F\u00fcr den Inhalt der Seiten, die von dieser Seite aus per Link erreichbar sind, sind die jeweiligen Betreiber\/Verfasser selbst verantwortlich und haftbar. Von etwaigen illegalen, pers\u00f6nlichkeitsverletzenden, moralisch-ethisch oder in sonstiger Weise anst\u00f6\u00dfigen Inhalten distanzieren wir uns hiermit ausdr\u00fccklich.<\/p>\n\n\n\n<p>Datenschutz<\/p>\n\n\n\n<p>Der Nutzung von der im Rahmen der Impressumspflicht ver\u00f6ffentlichten Kontaktdaten durch Dritte zur \u00dcbersendung von nicht ausdr\u00fccklich angeforderter Werbung und Informationsmaterialien wird hiermit ausdr\u00fccklich widersprochen. Der Betreiber der Seiten beh\u00e4lt sich ausdr\u00fccklich rechtliche Schritte im Falle der unverlangten Zusendung von Werbeinformationen, etwa durch Spam-Mails, vor.<\/p>\n\n\n\n<p>Copyright<\/p>\n\n\n\n<p>Der Betreiber dieser Homepage ist bem\u00fcht, stets die Urheberrechte anderer zu beachten bzw. auf selbst erstellte sowie lizenzfreie Werke zur\u00fcckzugreifen. Die durch den Seitenbetreiber erstellten Inhalte und Werke auf diesen Seiten unterliegen dem deutschen Urheberrecht. Beitr\u00e4ge Dritter sind als solche gekennzeichnet. Alle Beitr\u00e4ge und Abbildungen dieses Internet-Auftritts sind urheberrechtlich gesch\u00fctzt. Alle Beitr\u00e4ge, Abbildungen und sonstigen Inhalte dieses Internet-Auftritts sind Eigentum des Betreibers oder von Dritten, die der Betreiber beauftragt hat, oder von Dritten, mit deren Erlaubnis die Ver\u00f6ffentlichung erfolgt. Vervielf\u00e4ltigungen und jede Art der Verwertung sind nur mit schriftlicher Genehmigung des Betreibers erlaubt.<\/p>\n","protected":false},"excerpt":{"rendered":"<p>ATELIER GANTNER FREIE ARCHITEKTEN Dipl. Ing. Thomas Gantner Zum Sch\u00fctterle 9 77743 Neuried \u2013 M\u00fcllen Deutschland T\u00a0\/ 49 (0)7807 1577 E\/&nbsp;&#x69;&#110;f&#x6f;&#64;a&#x74;&#101;l&#x69;&#101;r&#x67;&#97;n&#x74;&#x6e;e&#x72;&#x2e;&#99;&#x6f;&#x6d; Architektenkammer Baden-W\u00fcrttemberg \/ 083985&nbsp; Umsatzsteuer-Identifikationsnummer\u00a0\/ 08003\/21259\u00a0\u00a0 Web design Mark Nightingale Graphic design Sophie Shand Berufsrechtliche Regelungen Thomas Gantner ist als Freier Architekt unter der Nummer&nbsp;083985&nbsp;in die Architektenliste der Architektenkammer Baden-W\u00fcrttemberg eingetragen. Die Berufsbezeichnung \u201cArchitekt\u201d<a class=\"excerpt-read-more\" href=\"http:\/\/ateliergantner.com\/de\/impressum\/\" title=\"ReadImpressum\">&#8230; Read more &raquo;<\/a><\/p>\n","protected":false},"author":3,"featured_media":0,"parent":0,"menu_order":0,"comment_status":"closed","ping_status":"closed","template":"","meta":{"footnotes":""},"yoast_head":"<!-- This site is optimized with the Yoast SEO plugin v24.5 - https:\/\/yoast.com\/wordpress\/plugins\/seo\/ -->\n<title>Impressum - Atelier Gantner<\/title>\n<meta name=\"robots\" content=\"index, follow, max-snippet:-1, max-image-preview:large, max-video-preview:-1\" \/>\n<link rel=\"canonical\" href=\"http:\/\/ateliergantner.com\/de\/impressum\/\" \/>\n<meta property=\"og:locale\" content=\"de_DE\" \/>\n<meta property=\"og:type\" content=\"article\" \/>\n<meta property=\"og:title\" content=\"Impressum - Atelier Gantner\" \/>\n<meta property=\"og:description\" content=\"ATELIER GANTNER FREIE ARCHITEKTEN Dipl. Ing. Thomas Gantner Zum Sch\u00fctterle 9 77743 Neuried \u2013 M\u00fcllen Deutschland T\u00a0\/ 49 (0)7807 1577 E\/&nbsp;&#105;&#110;&#x66;&#x6f;&#064;&#097;&#x74;&#x65;&#108;&#105;&#x65;&#x72;&#103;&#097;&#x6e;&#x74;&#110;&#101;&#x72;&#x2e;&#099;&#111;&#x6d; Architektenkammer Baden-W\u00fcrttemberg \/ 083985&nbsp; Umsatzsteuer-Identifikationsnummer\u00a0\/ 08003\/21259\u00a0\u00a0 Web design Mark Nightingale Graphic design Sophie Shand Berufsrechtliche Regelungen Thomas Gantner ist als Freier Architekt unter der Nummer&nbsp;083985&nbsp;in die Architektenliste der Architektenkammer Baden-W\u00fcrttemberg eingetragen. Die Berufsbezeichnung \u201cArchitekt\u201d... Read more &raquo;\" \/>\n<meta property=\"og:url\" content=\"http:\/\/ateliergantner.com\/de\/impressum\/\" \/>\n<meta property=\"og:site_name\" content=\"Atelier Gantner\" \/>\n<meta property=\"article:modified_time\" content=\"2024-01-16T09:28:40+00:00\" \/>\n<meta name=\"twitter:card\" content=\"summary_large_image\" \/>\n<meta name=\"twitter:label1\" content=\"Gesch\u00e4tzte Lesezeit\" \/>\n\t<meta name=\"twitter:data1\" content=\"2\u00a0Minuten\" \/>\n<script type=\"application\/ld+json\" class=\"yoast-schema-graph\">{\"@context\":\"https:\/\/schema.org\",\"@graph\":[{\"@type\":\"WebPage\",\"@id\":\"http:\/\/ateliergantner.com\/de\/impressum\/\",\"url\":\"http:\/\/ateliergantner.com\/de\/impressum\/\",\"name\":\"Impressum - Atelier Gantner\",\"isPartOf\":{\"@id\":\"https:\/\/ateliergantner.com\/#website\"},\"datePublished\":\"2023-07-24T22:37:30+00:00\",\"dateModified\":\"2024-01-16T09:28:40+00:00\",\"breadcrumb\":{\"@id\":\"http:\/\/ateliergantner.com\/de\/impressum\/#breadcrumb\"},\"inLanguage\":\"de\",\"potentialAction\":[{\"@type\":\"ReadAction\",\"target\":[\"http:\/\/ateliergantner.com\/de\/impressum\/\"]}]},{\"@type\":\"BreadcrumbList\",\"@id\":\"http:\/\/ateliergantner.com\/de\/impressum\/#breadcrumb\",\"itemListElement\":[{\"@type\":\"ListItem\",\"position\":1,\"name\":\"Accueil\",\"item\":\"https:\/\/ateliergantner.com\/\"},{\"@type\":\"ListItem\",\"position\":2,\"name\":\"Impressum\"}]},{\"@type\":\"WebSite\",\"@id\":\"https:\/\/ateliergantner.com\/#website\",\"url\":\"https:\/\/ateliergantner.com\/\",\"name\":\"Atelier Gantner\",\"description\":\"Un site utilisant WordPress\",\"potentialAction\":[{\"@type\":\"SearchAction\",\"target\":{\"@type\":\"EntryPoint\",\"urlTemplate\":\"https:\/\/ateliergantner.com\/?s={search_term_string}\"},\"query-input\":{\"@type\":\"PropertyValueSpecification\",\"valueRequired\":true,\"valueName\":\"search_term_string\"}}],\"inLanguage\":\"de\"}]}<\/script>\n<!-- \/ Yoast SEO plugin. -->","yoast_head_json":{"title":"Impressum - Atelier Gantner","robots":{"index":"index","follow":"follow","max-snippet":"max-snippet:-1","max-image-preview":"max-image-preview:large","max-video-preview":"max-video-preview:-1"},"canonical":"http:\/\/ateliergantner.com\/de\/impressum\/","og_locale":"de_DE","og_type":"article","og_title":"Impressum - Atelier Gantner","og_description":"ATELIER GANTNER FREIE ARCHITEKTEN Dipl. Ing. Thomas Gantner Zum Sch\u00fctterle 9 77743 Neuried \u2013 M\u00fcllen Deutschland T\u00a0\/ 49 (0)7807 1577 E\/&nbsp;&#105;&#110;&#x66;&#x6f;&#64;&#97;&#x74;&#x65;&#108;&#105;&#x65;&#x72;&#103;&#97;&#x6e;&#x74;&#110;&#101;&#x72;&#x2e;&#99;&#111;&#x6d; Architektenkammer Baden-W\u00fcrttemberg \/ 083985&nbsp; Umsatzsteuer-Identifikationsnummer\u00a0\/ 08003\/21259\u00a0\u00a0 Web design Mark Nightingale Graphic design Sophie Shand Berufsrechtliche Regelungen Thomas Gantner ist als Freier Architekt unter der Nummer&nbsp;083985&nbsp;in die Architektenliste der Architektenkammer Baden-W\u00fcrttemberg eingetragen. Die Berufsbezeichnung \u201cArchitekt\u201d... Read more &raquo;","og_url":"http:\/\/ateliergantner.com\/de\/impressum\/","og_site_name":"Atelier Gantner","article_modified_time":"2024-01-16T09:28:40+00:00","twitter_card":"summary_large_image","twitter_misc":{"Gesch\u00e4tzte Lesezeit":"2\u00a0Minuten"},"schema":{"@context":"https:\/\/schema.org","@graph":[{"@type":"WebPage","@id":"http:\/\/ateliergantner.com\/de\/impressum\/","url":"http:\/\/ateliergantner.com\/de\/impressum\/","name":"Impressum - Atelier Gantner","isPartOf":{"@id":"https:\/\/ateliergantner.com\/#website"},"datePublished":"2023-07-24T22:37:30+00:00","dateModified":"2024-01-16T09:28:40+00:00","breadcrumb":{"@id":"http:\/\/ateliergantner.com\/de\/impressum\/#breadcrumb"},"inLanguage":"de","potentialAction":[{"@type":"ReadAction","target":["http:\/\/ateliergantner.com\/de\/impressum\/"]}]},{"@type":"BreadcrumbList","@id":"http:\/\/ateliergantner.com\/de\/impressum\/#breadcrumb","itemListElement":[{"@type":"ListItem","position":1,"name":"Accueil","item":"https:\/\/ateliergantner.com\/"},{"@type":"ListItem","position":2,"name":"Impressum"}]},{"@type":"WebSite","@id":"https:\/\/ateliergantner.com\/#website","url":"https:\/\/ateliergantner.com\/","name":"Atelier Gantner","description":"Un site utilisant WordPress","potentialAction":[{"@type":"SearchAction","target":{"@type":"EntryPoint","urlTemplate":"https:\/\/ateliergantner.com\/?s={search_term_string}"},"query-input":{"@type":"PropertyValueSpecification","valueRequired":true,"valueName":"search_term_string"}}],"inLanguage":"de"}]}},"wps_subtitle":"","_links":{"self":[{"href":"http:\/\/ateliergantner.com\/de\/wp-json\/wp\/v2\/pages\/1631"}],"collection":[{"href":"http:\/\/ateliergantner.com\/de\/wp-json\/wp\/v2\/pages"}],"about":[{"href":"http:\/\/ateliergantner.com\/de\/wp-json\/wp\/v2\/types\/page"}],"author":[{"embeddable":true,"href":"http:\/\/ateliergantner.com\/de\/wp-json\/wp\/v2\/users\/3"}],"replies":[{"embeddable":true,"href":"http:\/\/ateliergantner.com\/de\/wp-json\/wp\/v2\/comments?post=1631"}],"version-history":[{"count":4,"href":"http:\/\/ateliergantner.com\/de\/wp-json\/wp\/v2\/pages\/1631\/revisions"}],"predecessor-version":[{"id":1676,"href":"http:\/\/ateliergantner.com\/de\/wp-json\/wp\/v2\/pages\/1631\/revisions\/1676"}],"wp:attachment":[{"href":"http:\/\/ateliergantner.com\/de\/wp-json\/wp\/v2\/media?parent=1631"}],"curies":[{"name":"wp","href":"https:\/\/api.w.org\/{rel}","templated":true}]}}